{"id":3992,"date":"2025-05-11T07:09:45","date_gmt":"2025-05-11T07:09:45","guid":{"rendered":"http:\/\/mafl.drenai.net\/?page_id=3992"},"modified":"2025-09-26T06:13:37","modified_gmt":"2025-09-26T06:13:37","slug":"2025-3","status":"publish","type":"page","link":"http:\/\/mafl.drenai.net\/?page_id=3992","title":{"rendered":"2025"},"content":{"rendered":"<fieldset class=\"doc\">\n<h2><strong>AFL Legend Bowl 2025<\/strong><\/h2>\n<h3><strong>Modus<br \/>\n<\/strong><\/h3>\n<p><strong>Vorrunde<br \/>\n<\/strong>4 Gruppen zu je 5 Teams. Jedes Team hat zwei Heimspiele und zwei Aus\u00e4rtsspiele. Haben die Teams 2023 in der Vorrunde bereits gegeneinander gespielt, hat das Team Heimrecht, welches 2023 Ausw\u00e4rts angetreten ist.<\/p>\n<p><strong>Endrunde<\/strong><br \/>\nDie Gruppensieger stehen im Viertelfinale. Die Gruppenzweite- und dritten spielen eine vorhergehende Wild Card-Runde aus. Wobei der beste Zweitplatzierte den schlechtesten Drittplatzierten empf\u00e4ngt usw.. Die Teilnehmer der Endrunde sind f\u00fcr den AFL Legend Bowl 2026 qualifiziert. Im Viertelfinale haben die Gruppensieger Heimrecht und empfangen nach dem Seed-Verfahren die Wild Card-Sieger. Auch das Halbfinale wird im Seed-Verfahren ausgespielt. Das Finale findet in El Conjunto statt.<\/p>\n<p><strong>Abstiegsrunde<\/strong><br \/>\nDie Gruppenvierten empfangen die Gruppenf\u00fcnften. Die Sieger spielen in der KO-Runde A und die Verlierer in der KO-Gruppe B weiter.<br \/>\nDie Sieger der KO-Gruppe A sind f\u00fcr den AFL Legend Bowl 2026 qualifiziert. Die Verlierer der KO-Runde B m\u00fcssen 2026 pausieren. Die anderen vier Teams spielen in der Relegation.<\/p>\n<p>Die vier Teams aus der Abstiegsrunde und die f\u00fcnf nicht qualifizierten Teams spielen in Hin- und R\u00fcckrunde in drei 3er Gruppen gegeneinander. Die Gruppensieger und -zweiten qualifizieren sich f\u00fcr den AFL Legend Bowl 2026. Die jeweils Gruppenletzten pausieren.<\/p>\n<p><strong>Qualifikation 2025<br \/>\n<\/strong>15 Teams qualifiziert &#8211; 5 Teams noch zu erspielen<br \/>\n10 Teams in der Quali. 2 Gruppen zu je 5 Teams. Die Gruppensieger und und -zweiten qualifizieren sich direkt. Die Gruppendritten spielen in hin- und R\u00fcckspielen gegeneinander den letzten Teilnehmer aus.<\/fieldset>\n<p><strong>Terminplan<\/strong><br \/>\n5., 12., 19. und 26. Oktober sowie 2. November sind die Gruppenspiele<br \/>\n7, 8. und 9. November ist die Wild Card-Runde<br \/>\n14., 15. und 16. November Viertelfinale<br \/>\n22. und 23. November Halbfinale<br \/>\n30. November ist AFL Legend Bowl in El Conjunto<\/p>\n","protected":false},"excerpt":{"rendered":"<p>AFL Legend Bowl 2025 Modus Vorrunde 4 Gruppen zu je 5 Teams. Jedes Team hat zwei Heimspiele und zwei Aus\u00e4rtsspiele. Haben die Teams 2023 in der Vorrunde bereits gegeneinander gespielt, hat das Team Heimrecht, welches 2023 Ausw\u00e4rts angetreten ist. Endrunde Die Gruppensieger stehen im Viertelfinale. Die Gruppenzweite- und dritten spielen eine vorhergehende Wild Card-Runde aus. [&hellip;]<\/p>\n","protected":false},"author":1,"featured_media":0,"parent":0,"menu_order":0,"comment_status":"closed","ping_status":"closed","template":"","meta":{"footnotes":""},"class_list":["post-3992","page","type-page","status-publish","hentry"],"_links":{"self":[{"href":"http:\/\/mafl.drenai.net\/index.php?rest_route=\/wp\/v2\/pages\/3992","targetHints":{"allow":["GET"]}}],"collection":[{"href":"http:\/\/mafl.drenai.net\/index.php?rest_route=\/wp\/v2\/pages"}],"about":[{"href":"http:\/\/mafl.drenai.net\/index.php?rest_route=\/wp\/v2\/types\/page"}],"author":[{"embeddable":true,"href":"http:\/\/mafl.drenai.net\/index.php?rest_route=\/wp\/v2\/users\/1"}],"replies":[{"embeddable":true,"href":"http:\/\/mafl.drenai.net\/index.php?rest_route=%2Fwp%2Fv2%2Fcomments&post=3992"}],"version-history":[{"count":19,"href":"http:\/\/mafl.drenai.net\/index.php?rest_route=\/wp\/v2\/pages\/3992\/revisions"}],"predecessor-version":[{"id":4439,"href":"http:\/\/mafl.drenai.net\/index.php?rest_route=\/wp\/v2\/pages\/3992\/revisions\/4439"}],"wp:attachment":[{"href":"http:\/\/mafl.drenai.net\/index.php?rest_route=%2Fwp%2Fv2%2Fmedia&parent=3992"}],"curies":[{"name":"wp","href":"https:\/\/api.w.org\/{rel}","templated":true}]}}