{"id":3983,"date":"2025-05-11T06:58:46","date_gmt":"2025-05-11T06:58:46","guid":{"rendered":"http:\/\/mafl.drenai.net\/?page_id=3983"},"modified":"2025-06-15T07:49:01","modified_gmt":"2025-06-15T07:49:01","slug":"ivory-bowl","status":"publish","type":"page","link":"http:\/\/mafl.drenai.net\/?page_id=3983","title":{"rendered":"A\u00b3 Ivory Bowl"},"content":{"rendered":"<p><a href=\"http:\/\/mafl.drenai.net\/wp-content\/uploads\/2025\/05\/IvoryLeague-Logo.jpg\"><img loading=\"lazy\" decoding=\"async\" class=\"size-full wp-image-3989 alignleft\" src=\"http:\/\/mafl.drenai.net\/wp-content\/uploads\/2025\/05\/IvoryLeague-Logo.jpg\" alt=\"\" width=\"128\" height=\"150\" srcset=\"http:\/\/mafl.drenai.net\/wp-content\/uploads\/2025\/05\/IvoryLeague-Logo.jpg 128w, http:\/\/mafl.drenai.net\/wp-content\/uploads\/2025\/05\/IvoryLeague-Logo-109x128.jpg 109w, http:\/\/mafl.drenai.net\/wp-content\/uploads\/2025\/05\/IvoryLeague-Logo-27x32.jpg 27w\" sizes=\"auto, (max-width: 128px) 100vw, 128px\" \/><\/a>Der Hochschulsport als Vor-Organisation zum Amateurbereich ist gegliedert in vier Leagues. Die oberste League ist die <strong>Ivory League <\/strong>mit den sechs renommiertesten Universities. Darunter gibt es die Major League mit verschiedenen Conferences. In der Minor League sind nach geografischen Merkmalen die Colleges in Conferences organisiert. In der Minor League sind die Milit\u00e4r-Bildungsst\u00e4tten sowie sonstige landesweit wichtige Bildungseinrichtungen in Conferences organisiert.<\/p>\n<p>&nbsp;<\/p>\n<p>&nbsp;<\/p>\n<hr \/>\n<p><a href=\"http:\/\/mafl.drenai.net\/wp-content\/uploads\/2025\/05\/IvoryLeague-1024x728-1.jpg\"><img loading=\"lazy\" decoding=\"async\" class=\"wp-image-3988 alignright\" src=\"http:\/\/mafl.drenai.net\/wp-content\/uploads\/2025\/05\/IvoryLeague-1024x728-1.jpg\" alt=\"\" width=\"247\" height=\"175\" srcset=\"http:\/\/mafl.drenai.net\/wp-content\/uploads\/2025\/05\/IvoryLeague-1024x728-1.jpg 1024w, http:\/\/mafl.drenai.net\/wp-content\/uploads\/2025\/05\/IvoryLeague-1024x728-1-300x213.jpg 300w, http:\/\/mafl.drenai.net\/wp-content\/uploads\/2025\/05\/IvoryLeague-1024x728-1-768x546.jpg 768w, http:\/\/mafl.drenai.net\/wp-content\/uploads\/2025\/05\/IvoryLeague-1024x728-1-128x91.jpg 128w, http:\/\/mafl.drenai.net\/wp-content\/uploads\/2025\/05\/IvoryLeague-1024x728-1-32x23.jpg 32w\" sizes=\"auto, (max-width: 247px) 100vw, 247px\" \/><\/a>Der Ivory Bowl wird 2025 mit folgenden Modus gespielt:<\/p>\n<p>Es wird eine Northern und eine Southern Conference geben. Im n\u00e4chsten Jahr wird es eine Border und eine Central Conference geben. 2027 gibt es wieder (wie 2024) eine Eastern und eine Western Conference<\/p>\n<p>Jedes Team spielt je einmal Heim und einmal Ausw\u00e4rts gegen jedes andere Team der Conference. Nach 6 Spielwochen hat jedes Team 4 Spiele. Zu erst z\u00e4hlt die Anzahl der Siege, dann die Differenz der erzielten Punkte zu den einkassierten Punkten und anschlie\u00dfend die erzielten Punkten. Ist es nicht m\u00f6glich, einen Conference Champion zu bestimmen, z\u00e4hlt der direkte Vergleich nach gleichen Muster. Reicht dies nicht aus, werden Conference Championship-Spiele am Wochenende nach der Regular Season durchgef\u00fchrt.<\/p>\n<p>Finden keine Conference Championship-Spiele statt, ist das Wochenende nach der Regular Season spielfrei.<\/p>\n<p>Anschlie\u00dfend findet der Ivory Bowl im Stadion des unterlegenen Astoria Bowl-Teams statt (2025 in Hambry).<\/p>\n","protected":false},"excerpt":{"rendered":"<p>Der Hochschulsport als Vor-Organisation zum Amateurbereich ist gegliedert in vier Leagues. Die oberste League ist die Ivory League mit den sechs renommiertesten Universities. Darunter gibt es die Major League mit verschiedenen Conferences. In der Minor League sind nach geografischen Merkmalen die Colleges in Conferences organisiert. In der Minor League sind die Milit\u00e4r-Bildungsst\u00e4tten sowie sonstige landesweit [&hellip;]<\/p>\n","protected":false},"author":1,"featured_media":0,"parent":0,"menu_order":0,"comment_status":"closed","ping_status":"closed","template":"","meta":{"footnotes":""},"class_list":["post-3983","page","type-page","status-publish","hentry"],"_links":{"self":[{"href":"http:\/\/mafl.drenai.net\/index.php?rest_route=\/wp\/v2\/pages\/3983","targetHints":{"allow":["GET"]}}],"collection":[{"href":"http:\/\/mafl.drenai.net\/index.php?rest_route=\/wp\/v2\/pages"}],"about":[{"href":"http:\/\/mafl.drenai.net\/index.php?rest_route=\/wp\/v2\/types\/page"}],"author":[{"embeddable":true,"href":"http:\/\/mafl.drenai.net\/index.php?rest_route=\/wp\/v2\/users\/1"}],"replies":[{"embeddable":true,"href":"http:\/\/mafl.drenai.net\/index.php?rest_route=%2Fwp%2Fv2%2Fcomments&post=3983"}],"version-history":[{"count":5,"href":"http:\/\/mafl.drenai.net\/index.php?rest_route=\/wp\/v2\/pages\/3983\/revisions"}],"predecessor-version":[{"id":4164,"href":"http:\/\/mafl.drenai.net\/index.php?rest_route=\/wp\/v2\/pages\/3983\/revisions\/4164"}],"wp:attachment":[{"href":"http:\/\/mafl.drenai.net\/index.php?rest_route=%2Fwp%2Fv2%2Fmedia&parent=3983"}],"curies":[{"name":"wp","href":"https:\/\/api.w.org\/{rel}","templated":true}]}}