{"id":3782,"date":"2025-02-03T09:01:37","date_gmt":"2025-02-03T09:01:37","guid":{"rendered":"http:\/\/mafl.drenai.net\/?page_id=3782"},"modified":"2025-02-04T06:30:15","modified_gmt":"2025-02-04T06:30:15","slug":"san-cristobal-liga-de-futbol","status":"publish","type":"page","link":"http:\/\/mafl.drenai.net\/?page_id=3782","title":{"rendered":"San Crist\u00f3bal Liga de F\u00fatbol Astoriano"},"content":{"rendered":"<p><a href=\"http:\/\/mafl.drenai.net\/wp-content\/uploads\/2025\/02\/SCLFA.jpg\"><img loading=\"lazy\" decoding=\"async\" class=\"alignleft wp-image-3788\" src=\"http:\/\/mafl.drenai.net\/wp-content\/uploads\/2025\/02\/SCLFA.jpg\" alt=\"\" width=\"126\" height=\"126\" srcset=\"http:\/\/mafl.drenai.net\/wp-content\/uploads\/2025\/02\/SCLFA.jpg 1024w, http:\/\/mafl.drenai.net\/wp-content\/uploads\/2025\/02\/SCLFA-300x300.jpg 300w, http:\/\/mafl.drenai.net\/wp-content\/uploads\/2025\/02\/SCLFA-150x150.jpg 150w, http:\/\/mafl.drenai.net\/wp-content\/uploads\/2025\/02\/SCLFA-768x768.jpg 768w, http:\/\/mafl.drenai.net\/wp-content\/uploads\/2025\/02\/SCLFA-128x128.jpg 128w, http:\/\/mafl.drenai.net\/wp-content\/uploads\/2025\/02\/SCLFA-32x32.jpg 32w\" sizes=\"auto, (max-width: 126px) 100vw, 126px\" \/><\/a>Die San Crist\u00f3bal Liga de F\u00fatbol Astoriano besteht seit 2025.<\/p>\n<p>Sie ist in 4 Divisi\u00f3n zu je 4 Teams organisiert. Jedes Team empf\u00e4ngt jedes andere Team einmal zu Hause in der Temporada Alta. Nach der Temporada Alta findet die Eliminatorias statt, wof\u00fcr sich die 4 Divisions-Sieger und die n\u00e4chst besten 2 Teams qualifizieren.<\/p>\n<p>Die 4 Erstplatzierten erhalten die Play Off-R\u00e4nge 1 bis 4. Die zwei besten n\u00e4chsten Teams die Play Off-R\u00e4nge 5 und 6.<\/p>\n<p>Im Halbfinale der Eliminatorias stehen die R\u00e4nge 1 und 2 und empfangen dort die beiden Gewinner der Wild Card-Runde. Hierbei emp\u00e4ngt Rang 1 den schlechteren Rang und Rangs 2 den besseren Rang. In der Wild Card-Runde empf\u00e4ngt der Rang 3 den Rang 6 und der Rang 4 empf\u00e4nt Rang 5.<\/p>\n<p><a href=\"http:\/\/mafl.drenai.net\/wp-content\/uploads\/2025\/02\/SCLFA-Karte-scaled.jpg\"><img loading=\"lazy\" decoding=\"async\" class=\"size-large wp-image-3787 aligncenter\" src=\"http:\/\/mafl.drenai.net\/wp-content\/uploads\/2025\/02\/SCLFA-Karte-856x1024.jpg\" alt=\"\" width=\"620\" height=\"742\" \/><\/a><\/p>\n","protected":false},"excerpt":{"rendered":"<p>Die San Crist\u00f3bal Liga de F\u00fatbol Astoriano besteht seit 2025. Sie ist in 4 Divisi\u00f3n zu je 4 Teams organisiert. Jedes Team empf\u00e4ngt jedes andere Team einmal zu Hause in der Temporada Alta. Nach der Temporada Alta findet die Eliminatorias statt, wof\u00fcr sich die 4 Divisions-Sieger und die n\u00e4chst besten 2 Teams qualifizieren. Die 4 [&hellip;]<\/p>\n","protected":false},"author":1,"featured_media":0,"parent":0,"menu_order":0,"comment_status":"closed","ping_status":"closed","template":"","meta":{"footnotes":""},"class_list":["post-3782","page","type-page","status-publish","hentry"],"_links":{"self":[{"href":"http:\/\/mafl.drenai.net\/index.php?rest_route=\/wp\/v2\/pages\/3782","targetHints":{"allow":["GET"]}}],"collection":[{"href":"http:\/\/mafl.drenai.net\/index.php?rest_route=\/wp\/v2\/pages"}],"about":[{"href":"http:\/\/mafl.drenai.net\/index.php?rest_route=\/wp\/v2\/types\/page"}],"author":[{"embeddable":true,"href":"http:\/\/mafl.drenai.net\/index.php?rest_route=\/wp\/v2\/users\/1"}],"replies":[{"embeddable":true,"href":"http:\/\/mafl.drenai.net\/index.php?rest_route=%2Fwp%2Fv2%2Fcomments&post=3782"}],"version-history":[{"count":7,"href":"http:\/\/mafl.drenai.net\/index.php?rest_route=\/wp\/v2\/pages\/3782\/revisions"}],"predecessor-version":[{"id":3808,"href":"http:\/\/mafl.drenai.net\/index.php?rest_route=\/wp\/v2\/pages\/3782\/revisions\/3808"}],"wp:attachment":[{"href":"http:\/\/mafl.drenai.net\/index.php?rest_route=%2Fwp%2Fv2%2Fmedia&parent=3782"}],"curies":[{"name":"wp","href":"https:\/\/api.w.org\/{rel}","templated":true}]}}