{"id":3171,"date":"2024-12-01T22:43:30","date_gmt":"2024-12-01T22:43:30","guid":{"rendered":"http:\/\/mafl.drenai.net\/?page_id=3171"},"modified":"2025-05-11T07:09:17","modified_gmt":"2025-05-11T07:09:17","slug":"2023-3","status":"publish","type":"page","link":"http:\/\/mafl.drenai.net\/?page_id=3171","title":{"rendered":"2023"},"content":{"rendered":"<p>Im Legend Format wird der Champion im Legend Bowl ermittelt.<\/p>\n<p>Die 25 Teams treten in f\u00fcnf regional zugeordneten Conferences an.<\/p>\n<p>Jedes Team hat zwei Heimspiele, zwei Ausw\u00e4rtsspiele und ein freies Wochenende. Nach f\u00fcnf Spieltagen ist die Conference Season aber noch nicht beendet. Am 6. Wochenende empf\u00e4ngt dann der Tabellenf\u00fchrer den Tabellenzweiten zum, Championship Game. Hierbei gilt aber, dass der Tabellenstand nach dem Spiel ausschlaggebend f\u00fcr die Meisterschaft ist und nicht das Epielergebnis. Es kann also sein, dass der zweite beim Tabellenf\u00fchrer gewinnt, dieser aber vorab schon so eine gute Bilanz vorweisen kann, dass die Niederlage keinen Einfluss auf den Conference Titel hat.<\/p>\n<p>Dennoch: Die Bilanz nach den sechs Wochen ist f\u00fcr die Play Offs erhebelich; so haben die Conference Champions mit den besseren Bilanzen die besseren Chancen auf ein Heimrecht &#8211; sie m\u00fcssen also auch bei einer sicheren Tabellenf\u00fchrung am letzten Spieltag alles geben; und die zweitplatzierten m\u00fcssen alles geben um unter den besten drei Teams zu platzieren, die nicht bereits als Conference Champions f\u00fcr die Play Offs qualifiziert sind. F\u00fcr das Viertelfinale qualifizieren sich die f\u00fcnf Conference Champions und die drei besten folgenden Teams.<\/p>\n<p>In den Play Offs werden die 5 Conference Champions auf die R\u00e4nge 1 bis 5 einsortiert. Die \u00fcbrigen Teams auf die R\u00e4nge 6 bis 8.<\/p>\n<p>Im Viertelfinale empf\u00e4ngt Rang 1 den Rang 8 (Samstag-Abend), Rang 2 den Rang 7 und Rang 3 den Rang 6. Das vierte Spiel, indem Rang 4 gegen Rang 5 antritt ist das einzige Viertelfinalspiel, indem zwei Conference Champions gegeneinander antreten (Sonntag-Abend).<\/p>\n","protected":false},"excerpt":{"rendered":"<p>Im Legend Format wird der Champion im Legend Bowl ermittelt. Die 25 Teams treten in f\u00fcnf regional zugeordneten Conferences an. Jedes Team hat zwei Heimspiele, zwei Ausw\u00e4rtsspiele und ein freies Wochenende. Nach f\u00fcnf Spieltagen ist die Conference Season aber noch nicht beendet. Am 6. Wochenende empf\u00e4ngt dann der Tabellenf\u00fchrer den Tabellenzweiten zum, Championship Game. Hierbei [&hellip;]<\/p>\n","protected":false},"author":1,"featured_media":0,"parent":0,"menu_order":0,"comment_status":"closed","ping_status":"closed","template":"","meta":{"footnotes":""},"class_list":["post-3171","page","type-page","status-publish","hentry"],"_links":{"self":[{"href":"http:\/\/mafl.drenai.net\/index.php?rest_route=\/wp\/v2\/pages\/3171","targetHints":{"allow":["GET"]}}],"collection":[{"href":"http:\/\/mafl.drenai.net\/index.php?rest_route=\/wp\/v2\/pages"}],"about":[{"href":"http:\/\/mafl.drenai.net\/index.php?rest_route=\/wp\/v2\/types\/page"}],"author":[{"embeddable":true,"href":"http:\/\/mafl.drenai.net\/index.php?rest_route=\/wp\/v2\/users\/1"}],"replies":[{"embeddable":true,"href":"http:\/\/mafl.drenai.net\/index.php?rest_route=%2Fwp%2Fv2%2Fcomments&post=3171"}],"version-history":[{"count":2,"href":"http:\/\/mafl.drenai.net\/index.php?rest_route=\/wp\/v2\/pages\/3171\/revisions"}],"predecessor-version":[{"id":3991,"href":"http:\/\/mafl.drenai.net\/index.php?rest_route=\/wp\/v2\/pages\/3171\/revisions\/3991"}],"wp:attachment":[{"href":"http:\/\/mafl.drenai.net\/index.php?rest_route=%2Fwp%2Fv2%2Fmedia&parent=3171"}],"curies":[{"name":"wp","href":"https:\/\/api.w.org\/{rel}","templated":true}]}}