{"id":3008,"date":"2023-06-06T11:30:35","date_gmt":"2023-06-06T11:30:35","guid":{"rendered":"http:\/\/mafl.drenai.net\/?page_id=3008"},"modified":"2025-08-15T05:49:55","modified_gmt":"2025-08-15T05:49:55","slug":"afl-legend","status":"publish","type":"page","link":"http:\/\/mafl.drenai.net\/?page_id=3008","title":{"rendered":"AFL Legend"},"content":{"rendered":"<fieldset class=\"doc\"><strong>AFL Legend Bowl &#8211; Modus f\u00fcr 2025<\/strong><\/p>\n<p><strong>1) Teilnehmer<br \/>\n<\/strong>a. F\u00fcr den AFL Legend Bowl sind der letzte Legend Bowl-Sieger, die 4 Super Bowl-Sieger, die \u00fcbrigen Conferences Sieger sowie die Finalisten und Halbfinalisten des AFL Legend Bowls 2023 qualifiziert.<br \/>\nb. Die \u00fcbrigen 9 Teams werden aus einer vorhergehenden Qualifikation erspielt.<br \/>\nc. Ist die Summe der Teams nach 1a kleiner als 10, erh\u00f6ht sich die Zahl nach 1b entsprechend.<\/p>\n<p><strong>2) Qualifikation<br \/>\n<\/strong>a. Es wurden 4 4er-Gruppen gebildet.<br \/>\nb. Jeder spielt gegen jeden innerhalb der Gruppe an neutralen Pl\u00e4tzen je einmal.<br \/>\nc. Die Gruppensieger und Gruppenzweiten sind qualifiziert.<br \/>\nd. Die Gruppendritten spielen ein Halbfinale und Finale um den letzten Teilnehmerplatz.<\/p>\n<p><strong>3) Spielmodus<br \/>\n<\/strong>a. Ein Spiel dauert 60 Minuten<br \/>\nb. Steht es nach regul\u00e4rer Spielzeit Unentschieden folgt die erste Verl\u00e4ngerung.<br \/>\nc. die erste Verl\u00e4ngerung dauert 10 Minuten. Steht es Unentschieden geht es in die n\u00e4chste Verl\u00e4ngerung.<br \/>\nd. Die n\u00e4chste Verl\u00e4ngerung dauert 5 Minuten. Steht es dann noch Unentschieden geht es in die Play-Sudden Deaths.<br \/>\ne. Jedes Team hat nur ein Play. Nach jedem Play ist das Team mit mehr Punkten Sieger. Die Plays werden h\u00f6chstens drei Mal wiederholt. Steht es dann noch Unentschieden, geht es in den Touchdown-PAT Sudden Death.<br \/>\nf. Beim Touchdown-PAT-Sudden Death hat jedes Team 1 Down an der 10 Yards-Linie, die er zum Touchdown nutzen muss und anschlie\u00dfend einen PAT schaffen muss. Haben beide Teams 0, 6 oder 7 Punkte geschafft, kommt es zum Touchdown-Conversion-Sudden Death.<br \/>\ng. Beim Touchdown-Conversion-Sudden Death hat jedes Team 1 Down an der 10 Yards-Linie, die er zum Touchdown und zur Conversion nutzen. Haben beide Teams 0, 6 oder 8 Punkte erreicht, kommt es zum Field Goal-Shoot-Out.<br \/>\nh. Im Field Goal-Shoot Out hat jedes Team von der 50 Yards Linie 1 Versuch. Gibt es keine Entscheidung, wird er wiederholt \u2013 bis ein Sieger feststeht.<br \/>\ni. In der Tabelle z\u00e4hlt die Anzahl der siege, die Punktedifferenz, die erzielten Punkte und anschlie\u00dfend der direkte Vergleich.<\/p>\n<p><strong>4) Vorrunde<br \/>\n<\/strong>a. Es werden vier Gruppen mit je 5 Teams gebildet. Jedes Team spielt gegen jedes Team der eigenen Gruppe.<br \/>\nb. Jedes Team sollte zwei Mal Heimrecht haben. Sind die Teams beim AFL Legend Bowl 2023 bereits in den Conferences aufeinander getroffen, wird das Heimrecht gedreht. Das Heimrecht wird ansonsten ausgelost,<br \/>\nb. Die Gruppenersten qualifizieren sich direkt f\u00fcr die Endrunde.<br \/>\nc. Die Gruppenzweiten empfangen die Gruppendritten im Seed-Verfahren in der Wild Card-Runde.<\/p>\n<p><strong>5) Endrunde<br \/>\n<\/strong>a. Die Gruppenzweiten empfangen die Gruppendritten im Seed-Verfahren in der Wild Card-Runde.<br \/>\nb. Die Gruppensieger empfangen die Sieger aus der Wild Card-Runde im Seed-Verfahren.<br \/>\nc. Die Halbfinal-Partien werden im Seed Verfahren angesetzt.<br \/>\nd. Das Finale findet in El Conjunto statt.<br \/>\ne. Halbfinalspiele sind Sieger Spiel V1 \u2013 Sieger Spiel V2, Sieger spiel V3 \u2013 Sieger Spiel V4<\/p>\n<p><strong>6) Zeitplan<br \/>\n<\/strong>wird noch \u00fcberarbeitet<\/fieldset>\n","protected":false},"excerpt":{"rendered":"<p>AFL Legend Bowl &#8211; Modus f\u00fcr 2025 1) Teilnehmer a. F\u00fcr den AFL Legend Bowl sind der letzte Legend Bowl-Sieger, die 4 Super Bowl-Sieger, die \u00fcbrigen Conferences Sieger sowie die Finalisten und Halbfinalisten des AFL Legend Bowls 2023 qualifiziert. b. Die \u00fcbrigen 9 Teams werden aus einer vorhergehenden Qualifikation erspielt. c. Ist die Summe der [&hellip;]<\/p>\n","protected":false},"author":1,"featured_media":0,"parent":0,"menu_order":0,"comment_status":"closed","ping_status":"closed","template":"","meta":{"footnotes":""},"class_list":["post-3008","page","type-page","status-publish","hentry"],"_links":{"self":[{"href":"http:\/\/mafl.drenai.net\/index.php?rest_route=\/wp\/v2\/pages\/3008","targetHints":{"allow":["GET"]}}],"collection":[{"href":"http:\/\/mafl.drenai.net\/index.php?rest_route=\/wp\/v2\/pages"}],"about":[{"href":"http:\/\/mafl.drenai.net\/index.php?rest_route=\/wp\/v2\/types\/page"}],"author":[{"embeddable":true,"href":"http:\/\/mafl.drenai.net\/index.php?rest_route=\/wp\/v2\/users\/1"}],"replies":[{"embeddable":true,"href":"http:\/\/mafl.drenai.net\/index.php?rest_route=%2Fwp%2Fv2%2Fcomments&post=3008"}],"version-history":[{"count":5,"href":"http:\/\/mafl.drenai.net\/index.php?rest_route=\/wp\/v2\/pages\/3008\/revisions"}],"predecessor-version":[{"id":4261,"href":"http:\/\/mafl.drenai.net\/index.php?rest_route=\/wp\/v2\/pages\/3008\/revisions\/4261"}],"wp:attachment":[{"href":"http:\/\/mafl.drenai.net\/index.php?rest_route=%2Fwp%2Fv2%2Fmedia&parent=3008"}],"curies":[{"name":"wp","href":"https:\/\/api.w.org\/{rel}","templated":true}]}}