{"id":1281,"date":"2020-02-01T14:48:09","date_gmt":"2020-02-01T14:48:09","guid":{"rendered":"http:\/\/mafl.drenai.net\/?page_id=1281"},"modified":"2020-02-02T11:00:47","modified_gmt":"2020-02-02T11:00:47","slug":"post-season","status":"publish","type":"page","link":"http:\/\/mafl.drenai.net\/?page_id=1281","title":{"rendered":"Post Season"},"content":{"rendered":"<p>Die Post Season ist eine KO-Runde der besten Teams der Regular Season, welches dann im Saison-Finale, dem Memorial Bowl gipfelt.<\/p>\n<p>Die f\u00fcnf Conference Champions belegen bei der Walter-Camp-Trophy die R\u00e4nge 1 bis 5. Die Runner Ups die R\u00e4nge 6 bis 10.<\/p>\n<p>Die R\u00e4nge 1 bis 6 sind direkt f\u00fcr das Viertelfinale qualifiziert. Die R\u00e4nge 7 bis 10 spielen in der Wild Card-Runde noch um die letzten beiden Viertelfinalpl\u00e4tze.<\/p>\n<p>Am Sonntag nach der Regular Season empf\u00e4ngt der 8. Rang den 9. Rang. Am Montag drauf empf\u00e4ngt der Rang 7 den Rang 10 zum ersten Monday Night Game der Post Season. Die Sieger dieser Spiele erreichen das Viertelfinale.<\/p>\n<p>Im Viertelfinale empf\u00e4ngt am Freitag der Rang 3 den Rang 6. Am Samstag empf\u00e4ngt der Sieger der Walter-Camp-Trophy das schlechter platzierte Sieger-Team der Wild Card-Runde. Am Sonntag empf\u00e4ngt der zweite Rang das besser platzierte Sieger-Team aus der Wild Card-Runde. Beim zweiten Monday Night Game der Post Season treffen die beiden verbliebenen Conference Champions, die R\u00e4nge 4 und 5 aufeinander.<\/p>\n<p>Eine Woche sp\u00e4ter empf\u00e4ngt das zweitbeste Siegerteam aus dem Viertelfinale das drittbeste Siegerteam aus dem Viertelfinale. Beim vorletzten Monday Night Game der Saison empf\u00e4ngt das beste Team das schlechteste Team des Viertelfinales. Die beiden Sieger reisen zum Memorial Bowl.<\/p>\n<p>Der Memorial Bowl findet am Montag nach dem Halbfinale statt. In den Jahren 2017 und 2020 fand der Memorial Bowl nicht am Memorial Day statt. Ansonsten ist der Memorial Day (letzter Montag im Mai) der Tag des Finals.<\/p>\n<p>Seit 2018 wird der Austragungsort vor der Saison festgelegt. Seit dem ist der Gewinner des Memorial Bowls vier Jahre zuvor der Gastgeber. Also ist z.B. der Sieger des Memorial Bowls 2018 der Gastgeber des Memorial Bowls 2022.<\/p>\n","protected":false},"excerpt":{"rendered":"<p>Die Post Season ist eine KO-Runde der besten Teams der Regular Season, welches dann im Saison-Finale, dem Memorial Bowl gipfelt. Die f\u00fcnf Conference Champions belegen bei der Walter-Camp-Trophy die R\u00e4nge 1 bis 5. Die Runner Ups die R\u00e4nge 6 bis 10. Die R\u00e4nge 1 bis 6 sind direkt f\u00fcr das Viertelfinale qualifiziert. Die R\u00e4nge 7 [&hellip;]<\/p>\n","protected":false},"author":1,"featured_media":0,"parent":0,"menu_order":0,"comment_status":"closed","ping_status":"closed","template":"","meta":{"footnotes":""},"class_list":["post-1281","page","type-page","status-publish","hentry"],"_links":{"self":[{"href":"http:\/\/mafl.drenai.net\/index.php?rest_route=\/wp\/v2\/pages\/1281","targetHints":{"allow":["GET"]}}],"collection":[{"href":"http:\/\/mafl.drenai.net\/index.php?rest_route=\/wp\/v2\/pages"}],"about":[{"href":"http:\/\/mafl.drenai.net\/index.php?rest_route=\/wp\/v2\/types\/page"}],"author":[{"embeddable":true,"href":"http:\/\/mafl.drenai.net\/index.php?rest_route=\/wp\/v2\/users\/1"}],"replies":[{"embeddable":true,"href":"http:\/\/mafl.drenai.net\/index.php?rest_route=%2Fwp%2Fv2%2Fcomments&post=1281"}],"version-history":[{"count":4,"href":"http:\/\/mafl.drenai.net\/index.php?rest_route=\/wp\/v2\/pages\/1281\/revisions"}],"predecessor-version":[{"id":1335,"href":"http:\/\/mafl.drenai.net\/index.php?rest_route=\/wp\/v2\/pages\/1281\/revisions\/1335"}],"wp:attachment":[{"href":"http:\/\/mafl.drenai.net\/index.php?rest_route=%2Fwp%2Fv2%2Fmedia&parent=1281"}],"curies":[{"name":"wp","href":"https:\/\/api.w.org\/{rel}","templated":true}]}}