{"id":1276,"date":"2020-02-01T14:32:14","date_gmt":"2020-02-01T14:32:14","guid":{"rendered":"http:\/\/mafl.drenai.net\/?page_id=1276"},"modified":"2022-03-30T09:10:06","modified_gmt":"2022-03-30T09:10:06","slug":"regular-season","status":"publish","type":"page","link":"http:\/\/mafl.drenai.net\/?page_id=1276","title":{"rendered":"Regular Season"},"content":{"rendered":"<p>In der Regular Season spielen die Teams innerhalb der Conferences gegeneinander. Dabei empf\u00e4ngt jedes Team jedes andere der eigenen Conference einmal und reist somit zu jedem anderen Team der eigenen Conference jeweils einmal an.<\/p>\n<p>So haben die mit f\u00fcnf Teams best\u00fcckten Conferences an zehn Spieltagen acht Spiele je Team. In der R\u00fcckrunde werden die Duelle gespiegelt. Das hei\u00dft, dass z.B. die beiden Duelle des ersten Spieltages am ersten Spieltag der R\u00fcckrunde umgedreht werden. An den zehn Spieltagen hat also jedes Team zwei Wochenenden frei.<\/p>\n<p><strong>Spielplan<\/strong><\/p>\n<p>Ab 2018 wird jeder Spielplan vor der Pre-Season per Zufall ausgelost. Dabei gelten aber folgende Rahmenbedingungen:<\/p>\n<ol>\n<li><span style=\"display: inline !important; float: none; background-color: #ffffff; color: #333333; cursor: text; font-family: 'Lato',sans-serif; font-size: 16px; font-style: normal; font-variant: normal; font-weight: 400; letter-spacing: normal; orphans: 2; text-align: left; text-decoration: none; text-indent: 0px; text-transform: none; -webkit-text-stroke-width: 0px; white-space: normal; word-spacing: 0px;\">jedes darf Team w\u00e4hrend der Hinrunde nur zwei Heimspiele haben und zwei Ausw\u00e4rtsspiele haben.<\/span><\/li>\n<li>Beide Memorial Bowl-Teilnehmer haben am ersten Spieltag ein Heimspiel und<\/li>\n<li>das n\u00e4chstbeste Team in der Walter-Camp-Trophy hat am zweiten Spieltag ein Heimspiel.<\/li>\n<\/ol>\n<p><strong>Er\u00f6ffnungsspiel<\/strong><\/p>\n<p>Am ersten Spieltag findet das Er\u00f6ffnungsspiel am Samstag statt. Beim Er\u00f6ffnungsspiel empf\u00e4ngt der Memorial Bowl-Sieger eine Mannschaft.<\/p>\n<p><strong>Monday Night Game<\/strong><\/p>\n<p>Der andere Memorial Bowl-Teilnehmer empf\u00e4ngt am ersten Spieltag beim ersten Monday Night Game der Regular Season ein weiteres Team. Die \u00fcbrigen acht Partien finden am Sonntag statt.<\/p>\n<p>Am zweiten Spieltag empf\u00e4ngt beim Monday Night Game das n\u00e4chstbeste Team der Walter-Camp-Trophy eine andere Mannschaft. Die anderen neun Spiele finden am Sonntag statt.<\/p>\n<p>Vor der Saison werden f\u00fcr die Spieltage 3 bis 5 werden die Monday Night Games so festgelegt, dass jede Conference in der Hinrunde mindestens ein Monday Night Game hat.<\/p>\n<p>Sp\u00e4testens nach dem 4. Spieltag wird das Monday Night Game des 6. Spieltages festgelegt. Sp\u00e4testens nach dem 5. Spieltag wird das Monday Night Game des 7. Spieltages festgelegt. Ab 2018 darf eine Conference h\u00f6chstens zwei Monday Night Games pro Saison haben. Seit 2018 kann ein Stadion in der Regular Season h\u00f6chstens einmal ein Monday Night Game haben. Seit 2019 sind die Begegnungen an den 6. und 7. Spieltagen nicht die R\u00fcckspiele der 1. und 2. Spieltage.<\/p>\n<p><strong>Crunch Time<\/strong><\/p>\n<p>Die Spieltage 8 bis 10 sind die &#8222;Crunch Time&#8220;. Der Zeitraum, in denen sich alles entscheidet. Um Wettbewerbsverzerrung vorzubeugen finden alle Spiele an diesen Spieltagen gleichzeitig statt.<\/p>\n<p><strong>Champions und Runner Ups<\/strong><\/p>\n<p>Nach Ende der Regular Season stehen die f\u00fcnf Champions der Conferences fest. Diese qualifizieren sich f\u00fcr die Post Season. Die zweiten Pl\u00e4tze sind die Runner Ups und qualifizieren sich ebenfalls f\u00fcr die Post Season.<\/p>\n<p><span style=\"display: inline !important; float: none; background-color: #ffffff; color: #333333; cursor: text; font-family: 'Lato',sans-serif; font-size: 16px; font-style: normal; font-variant: normal; font-weight: 400; letter-spacing: normal; orphans: 2; text-align: left; text-decoration: none; text-indent: 0px; text-transform: none; -webkit-text-stroke-width: 0px; white-space: normal; word-spacing: 0px;\">Insgesamt gibt es in der Regular Season 100 Spiele.<\/span><\/p>\n<p>Das beste Team der Regular Season gewinnt die Walter-Camp-Trophy.<\/p>\n","protected":false},"excerpt":{"rendered":"<p>In der Regular Season spielen die Teams innerhalb der Conferences gegeneinander. Dabei empf\u00e4ngt jedes Team jedes andere der eigenen Conference einmal und reist somit zu jedem anderen Team der eigenen Conference jeweils einmal an. So haben die mit f\u00fcnf Teams best\u00fcckten Conferences an zehn Spieltagen acht Spiele je Team. In der R\u00fcckrunde werden die Duelle [&hellip;]<\/p>\n","protected":false},"author":1,"featured_media":0,"parent":0,"menu_order":0,"comment_status":"closed","ping_status":"closed","template":"","meta":{"footnotes":""},"class_list":["post-1276","page","type-page","status-publish","hentry"],"_links":{"self":[{"href":"http:\/\/mafl.drenai.net\/index.php?rest_route=\/wp\/v2\/pages\/1276","targetHints":{"allow":["GET"]}}],"collection":[{"href":"http:\/\/mafl.drenai.net\/index.php?rest_route=\/wp\/v2\/pages"}],"about":[{"href":"http:\/\/mafl.drenai.net\/index.php?rest_route=\/wp\/v2\/types\/page"}],"author":[{"embeddable":true,"href":"http:\/\/mafl.drenai.net\/index.php?rest_route=\/wp\/v2\/users\/1"}],"replies":[{"embeddable":true,"href":"http:\/\/mafl.drenai.net\/index.php?rest_route=%2Fwp%2Fv2%2Fcomments&post=1276"}],"version-history":[{"count":6,"href":"http:\/\/mafl.drenai.net\/index.php?rest_route=\/wp\/v2\/pages\/1276\/revisions"}],"predecessor-version":[{"id":2668,"href":"http:\/\/mafl.drenai.net\/index.php?rest_route=\/wp\/v2\/pages\/1276\/revisions\/2668"}],"wp:attachment":[{"href":"http:\/\/mafl.drenai.net\/index.php?rest_route=%2Fwp%2Fv2%2Fmedia&parent=1276"}],"curies":[{"name":"wp","href":"https:\/\/api.w.org\/{rel}","templated":true}]}}