{"id":1272,"date":"2020-02-01T14:03:41","date_gmt":"2020-02-01T14:03:41","guid":{"rendered":"http:\/\/mafl.drenai.net\/?page_id=1272"},"modified":"2020-02-02T11:06:52","modified_gmt":"2020-02-02T11:06:52","slug":"pre-season","status":"publish","type":"page","link":"http:\/\/mafl.drenai.net\/?page_id=1272","title":{"rendered":"Pre-Season"},"content":{"rendered":"<p>Die Pre-Season besteht aus vier Spielen und gipfelt im SuperiorBowl.<\/p>\n<p>Hier treten vor der Regular Season die f\u00fcnf Conferences in KO-Spielen gegeneinander an. Um die Paarungen und das Heimrecht beim Wild Card-Spiel und den beiden Halbfinalspielen zu ermitteln, werden Punkte anhand der Teams in der Post Season der Vorsaison verteilt. Haben zwei Conferences hier die gleiche Punktzahl, so wird seit 2018 das Team besser gesetzt, welches in der Tabelle besser platziert ist.<\/p>\n<p>F\u00fcr die Wertung erh\u00e4lt eine Conference f\u00fcr jedes Team,<\/p>\n<ul>\n<li>welches im Viertelfinale ausscheidet 1 Punkt.<\/li>\n<li>F\u00fcr die beiden Verlierer in den Halbfinals erhalten die betroffenen Conferences jeweils 3\u00a0 Punkte.<\/li>\n<li>Der Verlierer im Memorial Bowl streicht sechs<\/li>\n<li>und der Sieger zehn Punkte f\u00fcr seine Conference ein.<\/li>\n<\/ul>\n<p>Im Wild-Card-Spiel empf\u00e4ngt an einem Montag der Viertplatzierte den F\u00fcnftplatzierten. Der Sieger erreicht das Halbfinale.<\/p>\n<p>Im Halbfinale trifft dann am Sonntag der Sieger des Wild Card-Spiels auf den Erstplatzierten. Am Montag, beim zweiten Monday Night Game der Saison, empf\u00e4ngt dann der Zweitplatzierte den Drittplatzierten.<\/p>\n<p>Bei dem Wild Card-Spiel und den beiden Halbfinalspielen werden die Spiele an Orten ausgetragen, die den\u00a0 Teams der Gastgebenden Conferences entsprechen. Die Conferences m\u00fcssen dabei Orte nominieren, die bislang an den Runden noch nicht Austragungsorte waren.<\/p>\n<p>Im Finale treffen die Sieger der beiden Halbfinals aufeinander und spielen am dritten Monday Night Game den SuperiorBowl-Sieger aus. Der Austragungsort wird vor Beginn des Wettbewerbs festgesetzt. Dabei ist seit 2017 der Conference-Champion des Titelverteidigers Gastgeber. Diese Gastgeberrolle z\u00e4hlt nicht zu der Festlegung f\u00fcr das Wild Card-Spiel und den Halbfinals.<\/p>\n<p>Am Samstag nach dem SuperiorBowl startet dann die Regular Season.<\/p>\n<p>&nbsp;<\/p>\n","protected":false},"excerpt":{"rendered":"<p>Die Pre-Season besteht aus vier Spielen und gipfelt im SuperiorBowl. Hier treten vor der Regular Season die f\u00fcnf Conferences in KO-Spielen gegeneinander an. Um die Paarungen und das Heimrecht beim Wild Card-Spiel und den beiden Halbfinalspielen zu ermitteln, werden Punkte anhand der Teams in der Post Season der Vorsaison verteilt. Haben zwei Conferences hier die [&hellip;]<\/p>\n","protected":false},"author":1,"featured_media":0,"parent":0,"menu_order":0,"comment_status":"closed","ping_status":"closed","template":"","meta":{"footnotes":""},"class_list":["post-1272","page","type-page","status-publish","hentry"],"_links":{"self":[{"href":"http:\/\/mafl.drenai.net\/index.php?rest_route=\/wp\/v2\/pages\/1272","targetHints":{"allow":["GET"]}}],"collection":[{"href":"http:\/\/mafl.drenai.net\/index.php?rest_route=\/wp\/v2\/pages"}],"about":[{"href":"http:\/\/mafl.drenai.net\/index.php?rest_route=\/wp\/v2\/types\/page"}],"author":[{"embeddable":true,"href":"http:\/\/mafl.drenai.net\/index.php?rest_route=\/wp\/v2\/users\/1"}],"replies":[{"embeddable":true,"href":"http:\/\/mafl.drenai.net\/index.php?rest_route=%2Fwp%2Fv2%2Fcomments&post=1272"}],"version-history":[{"count":3,"href":"http:\/\/mafl.drenai.net\/index.php?rest_route=\/wp\/v2\/pages\/1272\/revisions"}],"predecessor-version":[{"id":1339,"href":"http:\/\/mafl.drenai.net\/index.php?rest_route=\/wp\/v2\/pages\/1272\/revisions\/1339"}],"wp:attachment":[{"href":"http:\/\/mafl.drenai.net\/index.php?rest_route=%2Fwp%2Fv2%2Fmedia&parent=1272"}],"curies":[{"name":"wp","href":"https:\/\/api.w.org\/{rel}","templated":true}]}}